{"id":45,"date":"2012-11-19T16:58:23","date_gmt":"2012-11-19T16:58:23","guid":{"rendered":"http:\/\/schoeneliese.de\/wordpress\/?page_id=45"},"modified":"2025-10-07T11:26:01","modified_gmt":"2025-10-07T11:26:01","slug":"events-aktuelle-maerkte-termine","status":"publish","type":"page","link":"https:\/\/schoeneliese.de\/wordpress\/events-aktuelle-maerkte-termine\/","title":{"rendered":"Events &#038; Kurse"},"content":{"rendered":"<h1 style=\"text-align: left;\">Aktuelle Events, M\u00e4rkte 2025<\/h1>\n<div>\n<div>\n<div>\n<p class=\"ydp8cc2a16dMsoNormal\">Auf den folgenden Veranstaltungen pr\u00e4sentiert Schoenliese ihre aktuelle Kollektion: liebevoll von Hand gefertigter Schmuck aus Feinsilber und ausgew\u00e4hlten Halbedelsteinen.<\/p>\n<\/div>\n<\/div>\n<\/div>\n<div>\n<div>\n<p>Freuen Sie sich auf Unikate und Kleinserien mit besonderer Ausstrahlung \u2013 ob f\u00fcr Sie selbst oder als besonderes Geschenk: Entdecken Sie Ketten mit fein gearbeiteten Anh\u00e4ngern, individuelle Armb\u00e4nder und Ohrringe in vielen Varianten \u2013 von Steckern \u00fcber Ohrh\u00e4nger bis hin zu coolen Creolen.<\/p>\n<p class=\"ydp8cc2a16dMsoNormal\">Kommen Sie vorbei, lassen Sie sich inspirieren und finden Sie Ihr pers\u00f6nliches Lieblingsst\u00fcck!<\/p>\n<\/div>\n<\/div>\n<h2><strong><b>Finnischer Weihnachtsmarkt<br \/>\n\u2013 Stilvoll, gem\u00fctlich, besonders<\/b><\/strong><\/h2>\n<p>29.11.2025 Samstag von 11 bis 18 Uhr<br \/>\n30.11.2025\u00a0 Sonntag von 11 bis 18 Uhr<\/p>\n<div>Finnische Gemeinde Frankfurt<\/div>\n<div><a class=\"ydpe4840cadenhancr_card_0070981814\" tabindex=\"0\" href=\"https:\/\/deref-web.de\/mail\/client\/BOy0xylfavQ\/dereferrer\/?redirectUrl=https%3A%2F%2Fwww.google.com%2Fmaps%2Fplace%2F%2Fdata%3D%214m2%213m1%211s0x47bd092dac2975ef%3A0xab98c528ea3bc15b%3Fsa%3DX%26ved%3D1t%3A8290%26ictx%3D111\" target=\"_blank\" rel=\"noopener\">Carl-Goerdeler-Stra\u00dfe 1A, 60320 Frankfurt am Main<\/a><\/div>\n<div>5 Minuten Fu\u00dfweg\u00a0von U-Bahn Haltestelle Dornbusch<\/div>\n<div><\/div>\n<p>Auf dem beliebten finnischen Weihnachtsmarkt pr\u00e4sentiere ich meine handgefertigten Schmuckst\u00fccke aus 999 Feinsilber: Ketten, Anh\u00e4nger, Armb\u00e4nder und Ohrringe mit individuell strukturierten Oberfl\u00e4chen.. Erg\u00e4nzt wird das Sortiment durch exklusive Unikate aus Perlmutt, bemalten Perlen und Porzellan \u2013 jedes St\u00fcck ein echtes Einzelst\u00fcck. Genie\u00dfen Sie die stimmungsvolle Atmosph\u00e4re bei Gl\u00f6gi und skandinavischen Leckereien \u2013 und entdecken Sie dabei besondere Schmuckst\u00fccke mit Seele.<\/p>\n<h2><strong><b>Kunsthandwerk auf Burg Kronberg \u2013 Weihnachtsmarkt im historischen Geb\u00e4ude<\/b><\/strong><\/h2>\n<p>Samstag 06.12.2025, 14-20 Uhr<br \/>\nSonntag 07.12.2025, 11-18 Uhr<\/p>\n<p class=\"ydp6571bd91MsoNormal\">Auf dem stimmungsvollen Weihnachtsmarkt der Burg Kronberg pr\u00e4sentiere ich handgefertigte Ketten, Armb\u00e4nder und Ohrringe aus Feinsilber mit charaktervollen Oberfl\u00e4chenstrukturen. F\u00fcr Liebhaber*innen goldener Akzente biete ich au\u00dferdem ausgew\u00e4hlte Halbedelstein-Ketten mit vergoldeten Komponenten an.<\/p>\n<p class=\"ydp6571bd91MsoNormal\">Lassen Sie sich inspirieren und finden Sie besondere Schmuckst\u00fccke mit Geschichte \u2013 im historischen Ambiente der malerischen Burg Kronberg.<\/p>\n<figure id=\"attachment_468\" aria-describedby=\"caption-attachment-468\" style=\"width: 600px\" class=\"wp-caption alignnone\"><img fetchpriority=\"high\" decoding=\"async\" class=\"wp-image-468 size-full\" src=\"https:\/\/schoeneliese.de\/wordpress\/wp-content\/uploads\/2012\/12\/schoeneliese_in-kronberg.jpg\" alt=\"Weihnachtliche Impressionen in Kronberg \" width=\"600\" height=\"400\" srcset=\"https:\/\/schoeneliese.de\/wordpress\/wp-content\/uploads\/2012\/12\/schoeneliese_in-kronberg.jpg 600w, https:\/\/schoeneliese.de\/wordpress\/wp-content\/uploads\/2012\/12\/schoeneliese_in-kronberg-300x200.jpg 300w, https:\/\/schoeneliese.de\/wordpress\/wp-content\/uploads\/2012\/12\/schoeneliese_in-kronberg-305x203.jpg 305w\" sizes=\"(max-width: 600px) 100vw, 600px\" \/><figcaption id=\"caption-attachment-468\" class=\"wp-caption-text\">Weihnachtliche Impressionen in Kronberg<\/figcaption><\/figure>\n<h2><b>Schmuckkurse <\/b><\/h2>\n<h2><b>\u2013 Kreativit\u00e4t erleben &amp; Schmuck selbst gestalten<\/b><\/h2>\n<p>Entdecken Sie die Welt des Schmucks in meinen professionell geleiteten Kursen \u2013 online oder vor Ort. Ob Einsteigerin oder Schmuckliebhaberin mit Erfahrung \u2013 in meinen Workshops lernen Sie Techniken, um individuelle Schmuckst\u00fccke selbst zu gestalten.<\/p>\n<p>&nbsp;<\/p>\n<h2><b>Perlenkurs \u2013 Ihre pers\u00f6nliche Schmuckkollektion<\/b><\/h2>\n<p>In diesem Kurs stehen Ihnen rund 50\u2013100 verschiedene Perlen, Silberdraht, Ketten und hochwertige Furnituren zur Verf\u00fcgung. Sie erlernen, wie man aus diesen Materialien eigene Schmuckst\u00fccke kreiert \u2013 von der Planung bis zur Umsetzung. Ziel ist es, eine kleine, pers\u00f6nliche Kollektion zu gestalten, die Sie am Ende mit nach Hause nehmen.<\/p>\n<p>&nbsp;<\/p>\n<h2><b>Makrameekurs \u2013 Kreative Kn\u00fcpftechniken f\u00fcr stilvolle Armb\u00e4nder<\/b><\/h2>\n<p>Lernen Sie die Kunst des Makramees! In diesem Kurs erarbeiten wir gemeinsam verschiedene Kn\u00fcpftechniken, mit denen Sie individuelle Armb\u00e4nder gestalten. Ob schlicht oder verspielt \u2013 jede Teilnehmerin entwirft Schmuck, der zu ihrem Stil passt. Auch nach dem Kurs k\u00f6nnen Sie das Gelernte problemlos zu Hause anwenden.<\/p>\n<p class=\"ydp1d141a2bMsoNormal\"><b>Alle Materialien sind inklusive. Am Ende des Kurses nehmen Sie nicht nur Ihre Schmuckst\u00fccke, sondern auch das Know-how mit nach Hause.<\/b><\/p>\n<p>Die Kursdauer betr\u00e4gt 2,5 Stunden. <strong>Preise und Termine auf Anfrage<\/strong>.<\/p>\n<p>&nbsp;<\/p>\n<p>&nbsp;<\/p>\n<p>&nbsp;<\/p>\n<p>&nbsp;<\/p>\n<p>&nbsp;<\/p>\n<p>&nbsp;<\/p>\n<p><em>\u00a0<\/em><\/p>\n<p><em>\u00a0<\/em><\/p>\n<p><em>\u00a0<\/em><\/p>\n<p>&nbsp;<\/p>\n<p>&nbsp;<\/p>\n<p style=\"text-align: left;\"><strong>\u00a0<\/strong><\/p>\n<p style=\"text-align: left;\"><strong><strong><br \/>\n<\/strong><\/strong><strong><br \/>\n<\/strong><\/p>\n","protected":false},"excerpt":{"rendered":"<p>Aktuelle Events, M\u00e4rkte 2025 Auf den folgenden Veranstaltungen pr\u00e4sentiert Schoenliese ihre aktuelle Kollektion: liebevoll von Hand gefertigter Schmuck aus Feinsilber und ausgew\u00e4hlten Halbedelsteinen. Freuen Sie sich auf Unikate und Kleinserien mit besonderer Ausstrahlung \u2013 ob f\u00fcr Sie selbst oder als besonderes Geschenk: Entdecken Sie Ketten mit fein gearbeiteten Anh\u00e4ngern, individuelle Armb\u00e4nder und Ohrringe in vielen [&hellip;]<\/p>\n","protected":false},"author":1,"featured_media":0,"parent":0,"menu_order":3,"comment_status":"closed","ping_status":"closed","template":"","meta":{"site-sidebar-layout":"default","site-content-layout":"default","ast-site-content-layout":"default","site-content-style":"default","site-sidebar-style":"default","ast-global-header-display":"","ast-banner-title-visibility":"","ast-main-header-display":"","ast-hfb-above-header-display":"","ast-hfb-below-header-display":"","ast-hfb-mobile-header-display":"","site-post-title":"","ast-breadcrumbs-content":"","ast-featured-img":"","footer-sml-layout":"","ast-disable-related-posts":"","theme-transparent-header-meta":"default","adv-header-id-meta":"","stick-header-meta":"","header-above-stick-meta":"","header-main-stick-meta":"","header-below-stick-meta":"","astra-migrate-meta-layouts":"set","ast-page-background-enabled":"default","ast-page-background-meta":{"desktop":{"background-color":"","background-image":"","background-repeat":"repeat","background-position":"center center","background-size":"auto","background-attachment":"scroll","background-type":"","background-media":"","overlay-type":"","overlay-color":"","overlay-opacity":"","overlay-gradient":""},"tablet":{"background-color":"","background-image":"","background-repeat":"repeat","background-position":"center center","background-size":"auto","background-attachment":"scroll","background-type":"","background-media":"","overlay-type":"","overlay-color":"","overlay-opacity":"","overlay-gradient":""},"mobile":{"background-color":"","background-image":"","background-repeat":"repeat","background-position":"center center","background-size":"auto","background-attachment":"scroll","background-type":"","background-media":"","overlay-type":"","overlay-color":"","overlay-opacity":"","overlay-gradient":""}},"ast-content-background-meta":{"desktop":{"background-color":"var(--ast-global-color-5)","background-image":"","background-repeat":"repeat","background-position":"center center","background-size":"auto","background-attachment":"scroll","background-type":"","background-media":"","overlay-type":"","overlay-color":"","overlay-opacity":"","overlay-gradient":""},"tablet":{"background-color":"var(--ast-global-color-5)","background-image":"","background-repeat":"repeat","background-position":"center center","background-size":"auto","background-attachment":"scroll","background-type":"","background-media":"","overlay-type":"","overlay-color":"","overlay-opacity":"","overlay-gradient":""},"mobile":{"background-color":"var(--ast-global-color-5)","background-image":"","background-repeat":"repeat","background-position":"center center","background-size":"auto","background-attachment":"scroll","background-type":"","background-media":"","overlay-type":"","overlay-color":"","overlay-opacity":"","overlay-gradient":""}},"footnotes":""},"class_list":["post-45","page","type-page","status-publish","hentry"],"yoast_head":"<!-- This site is optimized with the Yoast SEO plugin v26.7 - https:\/\/yoast.com\/wordpress\/plugins\/seo\/ -->\n<title>Events &amp; Kurse - schoeneliese<\/title>\n<meta name=\"description\" content=\"sch\u00f6neliese Termine, Events, M\u00e4rkte, aktuelle Veranstaltungen, Fr\u00fchjahr\/Sommer 2015, Schmuckkurse, Schmuck Markt, Verkaufsveranstalltung\" \/>\n<meta name=\"robots\" content=\"index, follow, max-snippet:-1, max-image-preview:large, max-video-preview:-1\" \/>\n<link rel=\"canonical\" href=\"https:\/\/schoeneliese.de\/wordpress\/events-aktuelle-maerkte-termine\/\" \/>\n<meta property=\"og:locale\" content=\"de_DE\" \/>\n<meta property=\"og:type\" content=\"article\" \/>\n<meta property=\"og:title\" content=\"Events &amp; Kurse - schoeneliese\" \/>\n<meta property=\"og:description\" content=\"facebook.com\/design.gestaltung.mussbach, design + gestaltung in mussbach, Ausstellung im Herrenhof\" \/>\n<meta property=\"og:url\" content=\"https:\/\/schoeneliese.de\/wordpress\/events-aktuelle-maerkte-termine\/\" \/>\n<meta property=\"og:site_name\" content=\"schoeneliese\" \/>\n<meta property=\"article:modified_time\" content=\"2025-10-07T11:26:01+00:00\" \/>\n<meta property=\"og:image\" content=\"https:\/\/schoeneliese.de\/wordpress\/wp-content\/uploads\/2012\/12\/schoeneliese_in-kronberg.jpg\" \/>\n\t<meta property=\"og:image:width\" content=\"600\" \/>\n\t<meta property=\"og:image:height\" content=\"400\" \/>\n\t<meta property=\"og:image:type\" content=\"image\/jpeg\" \/>\n<meta name=\"twitter:label1\" content=\"Gesch\u00e4tzte Lesezeit\" \/>\n\t<meta name=\"twitter:data1\" content=\"3\u00a0Minuten\" \/>\n<script type=\"application\/ld+json\" class=\"yoast-schema-graph\">{\"@context\":\"https:\/\/schema.org\",\"@graph\":[{\"@type\":\"WebPage\",\"@id\":\"https:\/\/schoeneliese.de\/wordpress\/events-aktuelle-maerkte-termine\/\",\"url\":\"https:\/\/schoeneliese.de\/wordpress\/events-aktuelle-maerkte-termine\/\",\"name\":\"Events & Kurse - schoeneliese\",\"isPartOf\":{\"@id\":\"https:\/\/schoeneliese.de\/wordpress\/#website\"},\"primaryImageOfPage\":{\"@id\":\"https:\/\/schoeneliese.de\/wordpress\/events-aktuelle-maerkte-termine\/#primaryimage\"},\"image\":{\"@id\":\"https:\/\/schoeneliese.de\/wordpress\/events-aktuelle-maerkte-termine\/#primaryimage\"},\"thumbnailUrl\":\"https:\/\/schoeneliese.de\/wordpress\/wp-content\/uploads\/2012\/12\/schoeneliese_in-kronberg.jpg\",\"datePublished\":\"2012-11-19T16:58:23+00:00\",\"dateModified\":\"2025-10-07T11:26:01+00:00\",\"description\":\"sch\u00f6neliese Termine, Events, M\u00e4rkte, aktuelle Veranstaltungen, Fr\u00fchjahr\/Sommer 2015, Schmuckkurse, Schmuck Markt, Verkaufsveranstalltung\",\"inLanguage\":\"de\",\"potentialAction\":[{\"@type\":\"ReadAction\",\"target\":[\"https:\/\/schoeneliese.de\/wordpress\/events-aktuelle-maerkte-termine\/\"]}]},{\"@type\":\"ImageObject\",\"inLanguage\":\"de\",\"@id\":\"https:\/\/schoeneliese.de\/wordpress\/events-aktuelle-maerkte-termine\/#primaryimage\",\"url\":\"https:\/\/schoeneliese.de\/wordpress\/wp-content\/uploads\/2012\/12\/schoeneliese_in-kronberg.jpg\",\"contentUrl\":\"https:\/\/schoeneliese.de\/wordpress\/wp-content\/uploads\/2012\/12\/schoeneliese_in-kronberg.jpg\",\"width\":\"600\",\"height\":\"400\",\"caption\":\"Weihnachtliche Impressionen in Kronberg\"},{\"@type\":\"WebSite\",\"@id\":\"https:\/\/schoeneliese.de\/wordpress\/#website\",\"url\":\"https:\/\/schoeneliese.de\/wordpress\/\",\"name\":\"schoeneliese\",\"description\":\"Handgemachter Schmuck, Halsketten, Armb\u00e4nder, Design aus Frankfurt, Schmuckdesignkurse in Frankfurt, Sch\u00f6neliese Schmuck Label\",\"potentialAction\":[{\"@type\":\"SearchAction\",\"target\":{\"@type\":\"EntryPoint\",\"urlTemplate\":\"https:\/\/schoeneliese.de\/wordpress\/?s={search_term_string}\"},\"query-input\":{\"@type\":\"PropertyValueSpecification\",\"valueRequired\":true,\"valueName\":\"search_term_string\"}}],\"inLanguage\":\"de\"}]}<\/script>\n<!-- \/ Yoast SEO plugin. -->","yoast_head_json":{"title":"Events & Kurse - schoeneliese","description":"sch\u00f6neliese Termine, Events, M\u00e4rkte, aktuelle Veranstaltungen, Fr\u00fchjahr\/Sommer 2015, Schmuckkurse, Schmuck Markt, Verkaufsveranstalltung","robots":{"index":"index","follow":"follow","max-snippet":"max-snippet:-1","max-image-preview":"max-image-preview:large","max-video-preview":"max-video-preview:-1"},"canonical":"https:\/\/schoeneliese.de\/wordpress\/events-aktuelle-maerkte-termine\/","og_locale":"de_DE","og_type":"article","og_title":"Events & Kurse - schoeneliese","og_description":"facebook.com\/design.gestaltung.mussbach, design + gestaltung in mussbach, Ausstellung im Herrenhof","og_url":"https:\/\/schoeneliese.de\/wordpress\/events-aktuelle-maerkte-termine\/","og_site_name":"schoeneliese","article_modified_time":"2025-10-07T11:26:01+00:00","og_image":[{"width":600,"height":400,"url":"https:\/\/schoeneliese.de\/wordpress\/wp-content\/uploads\/2012\/12\/schoeneliese_in-kronberg.jpg","type":"image\/jpeg"}],"twitter_misc":{"Gesch\u00e4tzte Lesezeit":"3\u00a0Minuten"},"schema":{"@context":"https:\/\/schema.org","@graph":[{"@type":"WebPage","@id":"https:\/\/schoeneliese.de\/wordpress\/events-aktuelle-maerkte-termine\/","url":"https:\/\/schoeneliese.de\/wordpress\/events-aktuelle-maerkte-termine\/","name":"Events & Kurse - schoeneliese","isPartOf":{"@id":"https:\/\/schoeneliese.de\/wordpress\/#website"},"primaryImageOfPage":{"@id":"https:\/\/schoeneliese.de\/wordpress\/events-aktuelle-maerkte-termine\/#primaryimage"},"image":{"@id":"https:\/\/schoeneliese.de\/wordpress\/events-aktuelle-maerkte-termine\/#primaryimage"},"thumbnailUrl":"https:\/\/schoeneliese.de\/wordpress\/wp-content\/uploads\/2012\/12\/schoeneliese_in-kronberg.jpg","datePublished":"2012-11-19T16:58:23+00:00","dateModified":"2025-10-07T11:26:01+00:00","description":"sch\u00f6neliese Termine, Events, M\u00e4rkte, aktuelle Veranstaltungen, Fr\u00fchjahr\/Sommer 2015, Schmuckkurse, Schmuck Markt, Verkaufsveranstalltung","inLanguage":"de","potentialAction":[{"@type":"ReadAction","target":["https:\/\/schoeneliese.de\/wordpress\/events-aktuelle-maerkte-termine\/"]}]},{"@type":"ImageObject","inLanguage":"de","@id":"https:\/\/schoeneliese.de\/wordpress\/events-aktuelle-maerkte-termine\/#primaryimage","url":"https:\/\/schoeneliese.de\/wordpress\/wp-content\/uploads\/2012\/12\/schoeneliese_in-kronberg.jpg","contentUrl":"https:\/\/schoeneliese.de\/wordpress\/wp-content\/uploads\/2012\/12\/schoeneliese_in-kronberg.jpg","width":"600","height":"400","caption":"Weihnachtliche Impressionen in Kronberg"},{"@type":"WebSite","@id":"https:\/\/schoeneliese.de\/wordpress\/#website","url":"https:\/\/schoeneliese.de\/wordpress\/","name":"schoeneliese","description":"Handgemachter Schmuck, Halsketten, Armb\u00e4nder, Design aus Frankfurt, Schmuckdesignkurse in Frankfurt, Sch\u00f6neliese Schmuck Label","potentialAction":[{"@type":"SearchAction","target":{"@type":"EntryPoint","urlTemplate":"https:\/\/schoeneliese.de\/wordpress\/?s={search_term_string}"},"query-input":{"@type":"PropertyValueSpecification","valueRequired":true,"valueName":"search_term_string"}}],"inLanguage":"de"}]}},"_links":{"self":[{"href":"https:\/\/schoeneliese.de\/wordpress\/wp-json\/wp\/v2\/pages\/45","targetHints":{"allow":["GET"]}}],"collection":[{"href":"https:\/\/schoeneliese.de\/wordpress\/wp-json\/wp\/v2\/pages"}],"about":[{"href":"https:\/\/schoeneliese.de\/wordpress\/wp-json\/wp\/v2\/types\/page"}],"author":[{"embeddable":true,"href":"https:\/\/schoeneliese.de\/wordpress\/wp-json\/wp\/v2\/users\/1"}],"replies":[{"embeddable":true,"href":"https:\/\/schoeneliese.de\/wordpress\/wp-json\/wp\/v2\/comments?post=45"}],"version-history":[{"count":31,"href":"https:\/\/schoeneliese.de\/wordpress\/wp-json\/wp\/v2\/pages\/45\/revisions"}],"predecessor-version":[{"id":1219,"href":"https:\/\/schoeneliese.de\/wordpress\/wp-json\/wp\/v2\/pages\/45\/revisions\/1219"}],"wp:attachment":[{"href":"https:\/\/schoeneliese.de\/wordpress\/wp-json\/wp\/v2\/media?parent=45"}],"curies":[{"name":"wp","href":"https:\/\/api.w.org\/{rel}","templated":true}]}}